{"id":266,"date":"2025-02-14T06:46:07","date_gmt":"2025-02-14T06:46:07","guid":{"rendered":"https:\/\/familydog.si\/?post_type=product&#038;p=266"},"modified":"2025-02-19T14:01:25","modified_gmt":"2025-02-19T14:01:25","slug":"family-dog-briketi-za-pse-nordijska-riba-riz","status":"publish","type":"product","link":"https:\/\/familydog.si\/index.php\/product\/family-dog-briketi-za-pse-nordijska-riba-riz\/","title":{"rendered":"Family dog Professional briketi za odrasle pse: pi\u0161\u010danec, nordijska riba, ri\u017e, 12 kg"},"content":{"rendered":"<p><span style=\"font-size: 20px; font-family: tahoma, arial, helvetica, sans-serif;\"><strong>Briketi za odrasle pse: pi\u0161\u010danec, nordijska riba, ri\u017e, 12 kg<\/strong><\/span><\/p>\n<p><span style=\"font-family: tahoma, arial, helvetica, sans-serif;\">Normalna do srednje visoka aktivnost.<\/span><\/p>\n<p><span style=\"font-family: tahoma, arial, helvetica, sans-serif;\">Popolna in uravnote\u017eena hrana, ki zdru\u017euje biolo\u0161ko vrednost pi\u0161\u010danca z ribjimi beljakovinami, idealna za vzdr\u017eevanje psov vseh pasem zaradi uravnote\u017eene energijske vrednosti. Formula je dopolnjena s pesnimi rezanci, ki zaradi visoke vsebnosti sladkorja vsebujejo veliko energije in s son\u010dni\u010dnim oljem, ki zagotavlja toploto, potrebno za energijo in esencialne ma\u0161\u010dobne kisline za sijo\u010do dlako in zdravo ko\u017eo.<\/span><\/p>\n<table border=\"0\" width=\"60%\">\n<tbody>\n<tr>\n<td class=\"titolo\" style=\"text-align: center;\" align=\"left\" valign=\"middle\" width=\"23%\"><span style=\"font-family: tahoma, arial, helvetica, sans-serif;\"><strong>KLJU\u010cNE ZNA\u010cILNOSTI<\/strong><\/span><\/td>\n<td class=\"titolo3\" style=\"text-align: center;\" align=\"left\" valign=\"top\" width=\"15%\"><span style=\"font-family: tahoma, arial, helvetica, sans-serif;\"><strong>PREDNOSTI<\/strong><\/span><\/td>\n<\/tr>\n<tr>\n<td style=\"text-align: left;\" align=\"center\" valign=\"top\"><span style=\"font-family: tahoma, arial, helvetica, sans-serif;\"><strong>Pi\u0161\u010danec<\/strong>: visoko prebavljiva in kakovostna sestavina. Odli\u010den vir beljakovin in aminokislin, ki pomagajo graditi in vzdr\u017eevati mi\u0161ice va\u0161ega psa ter podpirajo naravno obrambo. Vsebuje tudi omega 6 ma\u0161\u010dobne kisline za zdravo ko\u017eo in sijo\u010do dlako.<\/span><\/td>\n<td style=\"text-align: center;\" align=\"center\" valign=\"top\"><span style=\"font-family: tahoma, arial, helvetica, sans-serif;\">Mo\u010dne mi\u0161ice, naravna obramba.<\/span><\/td>\n<\/tr>\n<tr class=\"bg\">\n<td style=\"text-align: left;\" align=\"center\" valign=\"top\"><span style=\"font-family: tahoma, arial, helvetica, sans-serif;\"><strong>Nordijske riba:<\/strong> spada v kategorijo mastnih rib, priporo\u010dljivo zaradi oskrbe z ma\u0161\u010dobami Omega-3. Je tudi \u017eivilo, bogato z mineralnimi solmi (fosforjem in kalcijem) in se priporo\u010da za boj proti procesom dekalcifikacije kosti. Odli\u010dno za alergi\u010dne pse.<\/span><\/td>\n<td style=\"text-align: center;\" align=\"center\" valign=\"top\"><span style=\"font-family: tahoma, arial, helvetica, sans-serif;\">Mo\u010dne mi\u0161ice, ko\u017ea in dlaka.<\/span><\/td>\n<\/tr>\n<tr>\n<td style=\"text-align: left;\" align=\"center\" valign=\"top\"><span style=\"font-family: tahoma, arial, helvetica, sans-serif;\"><strong>Ri\u017e:<\/strong> naravni vir lahko prebavljivih ogljikovih hidratov; Ri\u017e je tudi kakovosten vir energije.<\/span><\/td>\n<td align=\"center\" valign=\"top\"><span style=\"font-family: tahoma, arial, helvetica, sans-serif;\">Prebava, energija.<\/span><\/td>\n<\/tr>\n<tr class=\"bg\">\n<td style=\"text-align: left;\" align=\"center\" valign=\"top\"><span style=\"font-family: tahoma, arial, helvetica, sans-serif;\"><strong>Posu\u0161ena rde\u010da pesa:<\/strong> pomaga pri uravnavanju \u010drevesnega prehoda na\u0161ega ljubljen\u010dka. Poleg tega vlaknine rde\u010de pese spodbujajo bolj\u0161o prebavo in zagotavljajo pravilno absorpcijo hranil.<\/span><\/td>\n<td align=\"center\" valign=\"top\"><span style=\"font-family: tahoma, arial, helvetica, sans-serif;\">Prebava.<\/span><\/td>\n<\/tr>\n<\/tbody>\n<\/table>\n<h2 class=\"yikes-custom-woo-tab-title yikes-custom-woo-tab-title-razione-media-giornaliera\"><span style=\"font-family: tahoma, arial, helvetica, sans-serif; font-size: 18px;\"><strong>POVPRE\u010cNI DNEVNI OBROK<\/strong><\/span><\/h2>\n<div class=\"titolo\">\n<table border=\"0\" width=\"100%\">\n<tbody>\n<tr>\n<td class=\"titolo\" align=\"center\"><span style=\"font-family: tahoma, arial, helvetica, sans-serif;\">Te\u017ea psa (kg)<\/span><\/td>\n<td class=\"titolo\" align=\"center\"><span style=\"font-family: tahoma, arial, helvetica, sans-serif;\">Koli\u010dina (g)<\/span><\/td>\n<\/tr>\n<tr>\n<td align=\"center\" valign=\"top\"><span style=\"font-family: tahoma, arial, helvetica, sans-serif;\">5<\/span><\/td>\n<td align=\"center\" valign=\"top\"><span style=\"font-family: tahoma, arial, helvetica, sans-serif;\">100<\/span><\/td>\n<\/tr>\n<tr>\n<td align=\"center\" valign=\"top\"><span style=\"font-family: tahoma, arial, helvetica, sans-serif;\">10<\/span><\/td>\n<td align=\"center\" valign=\"top\"><span style=\"font-family: tahoma, arial, helvetica, sans-serif;\">170<\/span><\/td>\n<\/tr>\n<tr>\n<td align=\"center\" valign=\"top\"><span style=\"font-family: tahoma, arial, helvetica, sans-serif;\">15<\/span><\/td>\n<td align=\"center\" valign=\"top\"><span style=\"font-family: tahoma, arial, helvetica, sans-serif;\">225<\/span><\/td>\n<\/tr>\n<tr>\n<td align=\"center\" valign=\"top\"><span style=\"font-family: tahoma, arial, helvetica, sans-serif;\">20<\/span><\/td>\n<td align=\"center\" valign=\"top\"><span style=\"font-family: tahoma, arial, helvetica, sans-serif;\">280<\/span><\/td>\n<\/tr>\n<tr>\n<td align=\"center\" valign=\"top\"><span style=\"font-family: tahoma, arial, helvetica, sans-serif;\">30<\/span><\/td>\n<td align=\"center\" valign=\"top\"><span style=\"font-family: tahoma, arial, helvetica, sans-serif;\">375<\/span><\/td>\n<\/tr>\n<tr>\n<td align=\"center\" valign=\"top\"><span style=\"font-family: tahoma, arial, helvetica, sans-serif;\">40<\/span><\/td>\n<td align=\"center\" valign=\"top\"><span style=\"font-family: tahoma, arial, helvetica, sans-serif;\">465<\/span><\/td>\n<\/tr>\n<tr>\n<td align=\"center\" valign=\"top\"><span style=\"font-family: tahoma, arial, helvetica, sans-serif;\">50<\/span><\/td>\n<td align=\"center\" valign=\"top\"><span style=\"font-family: tahoma, arial, helvetica, sans-serif;\">550<\/span><\/td>\n<\/tr>\n<tr>\n<td align=\"center\" valign=\"top\"><span style=\"font-family: tahoma, arial, helvetica, sans-serif;\">60<\/span><\/td>\n<td align=\"center\" valign=\"top\"><span style=\"font-family: tahoma, arial, helvetica, sans-serif;\">625<\/span><\/td>\n<\/tr>\n<tr>\n<td align=\"center\" valign=\"top\"><span style=\"font-family: tahoma, arial, helvetica, sans-serif;\">70<\/span><\/td>\n<td align=\"center\" valign=\"top\"><span style=\"font-family: tahoma, arial, helvetica, sans-serif;\">700<\/span><\/td>\n<\/tr>\n<tr>\n<td align=\"center\" valign=\"top\"><span style=\"font-family: tahoma, arial, helvetica, sans-serif;\">80<\/span><\/td>\n<td align=\"center\" valign=\"top\"><span style=\"font-family: tahoma, arial, helvetica, sans-serif;\">775<\/span><\/td>\n<\/tr>\n<\/tbody>\n<\/table>\n<h2 class=\"yikes-custom-woo-tab-title yikes-custom-woo-tab-title-raccomandazioni-duso\"><span style=\"font-size: 18px; font-family: tahoma, arial, helvetica, sans-serif;\"><strong>PRIPORO\u010cILA ZA UPORABO<\/strong><\/span><\/h2>\n<div class=\"titolo\"><span style=\"font-family: tahoma, arial, helvetica, sans-serif;\">Izdelek dajte kot je v ve\u010d dnevnih obrokih, v koli\u010dini, ki je priporo\u010dena v tabeli in nato spreminjajte glede na fizi\u010dno stanje ku\u017eka, vedno pustite na voljo sve\u017eo, \u010disto vodo.<\/span><br \/>\n<span style=\"font-family: tahoma, arial, helvetica, sans-serif;\">Navedeni odmerki so zgolj okvirni, saj se lahko razlikujejo glede na stopnjo aktivnosti \u017eivali in okoljske razmere, v katerih \u017eivi. Sprememba prehrane mora biti postopna.<\/span><br \/>\n<span style=\"font-family: tahoma, arial, helvetica, sans-serif;\">Priporo\u010dljivo je, da se vedno posvetujete in upo\u0161tevate navodila veterinarja. Izdelek hranite na hladnem in suhem mestu.<\/span><\/div>\n<\/div>\n","protected":false},"excerpt":{"rendered":"<p><span style=\"font-family: tahoma, arial, helvetica, sans-serif;\">Normalna do srednje visoka aktivnost.<\/span><\/p>\n<p><span style=\"font-family: tahoma, arial, helvetica, sans-serif;\">Popolna in uravnote\u017eena hrana, ki zdru\u017euje biolo\u0161ko vrednost pi\u0161\u010danca z ribjimi beljakovinami, idealna za vzdr\u017eevanje psov vseh pasem zaradi uravnote\u017eene energijske vrednosti. Formula je dopolnjena s pesnimi rezanci, ki zaradi visoke vsebnosti sladkorja vsebujejo veliko energije in s son\u010dni\u010dnim oljem, ki zagotavlja toploto, potrebno za energijo in esencialne ma\u0161\u010dobne kisline za sijo\u010do dlako in zdravo ko\u017eo.<\/span><\/p>\n<p><span style=\"font-family: tahoma, arial, helvetica, sans-serif;\"><strong>ZNA\u010cILNOSTI:<\/strong><\/span><\/p>\n<ul>\n<li><span style=\"font-family: tahoma, arial, helvetica, sans-serif;\">popolna in uravnote\u017eena prehrana<\/span><\/li>\n<li><span style=\"font-family: tahoma, arial, helvetica, sans-serif;\">namenjeno za vzdr\u017eevanje psov s srednje visoko telesno aktivnostjo zaradi pomembnega vnosa beljakovin<\/span><\/li>\n<li><span style=\"font-family: tahoma, arial, helvetica, sans-serif;\">najve\u010dja prebavljivost izdelka zaradi visoke vsebnosti pi\u0161\u010dan\u010djih beljakovin in ri\u017eevih ogljikovih hidratov<\/span><\/li>\n<li><span style=\"font-family: tahoma, arial, helvetica, sans-serif;\">zaloga Omega 3 prispeva k ohranjanju zdrave dlake in ko\u017ee<\/span><\/li>\n<\/ul>\n<p><span style=\"font-family: tahoma, arial, helvetica, sans-serif;\"><strong>PREDNOSTI:<\/strong><\/span><\/p>\n<ul>\n<li><span style=\"font-family: tahoma, arial, helvetica, sans-serif;\">pove\u010da imunsko obrambo<\/span><\/li>\n<li><span style=\"font-family: tahoma, arial, helvetica, sans-serif;\">visokokakovosten vir energije<\/span><\/li>\n<li><span style=\"font-family: tahoma, arial, helvetica, sans-serif;\">spodbuja izbolj\u0161anje prebave<\/span><\/li>\n<\/ul>\n","protected":false},"featured_media":280,"comment_status":"open","ping_status":"closed","template":"","meta":[],"product_brand":[],"product_cat":[16],"product_tag":[],"class_list":{"0":"post-266","1":"product","2":"type-product","3":"status-publish","4":"has-post-thumbnail","6":"product_cat-suha-hrana-za-pse","8":"first","9":"instock","10":"taxable","11":"shipping-taxable","12":"product-type-simple"},"_links":{"self":[{"href":"https:\/\/familydog.si\/index.php\/wp-json\/wp\/v2\/product\/266","targetHints":{"allow":["GET"]}}],"collection":[{"href":"https:\/\/familydog.si\/index.php\/wp-json\/wp\/v2\/product"}],"about":[{"href":"https:\/\/familydog.si\/index.php\/wp-json\/wp\/v2\/types\/product"}],"replies":[{"embeddable":true,"href":"https:\/\/familydog.si\/index.php\/wp-json\/wp\/v2\/comments?post=266"}],"wp:featuredmedia":[{"embeddable":true,"href":"https:\/\/familydog.si\/index.php\/wp-json\/wp\/v2\/media\/280"}],"wp:attachment":[{"href":"https:\/\/familydog.si\/index.php\/wp-json\/wp\/v2\/media?parent=266"}],"wp:term":[{"taxonomy":"product_brand","embeddable":true,"href":"https:\/\/familydog.si\/index.php\/wp-json\/wp\/v2\/product_brand?post=266"},{"taxonomy":"product_cat","embeddable":true,"href":"https:\/\/familydog.si\/index.php\/wp-json\/wp\/v2\/product_cat?post=266"},{"taxonomy":"product_tag","embeddable":true,"href":"https:\/\/familydog.si\/index.php\/wp-json\/wp\/v2\/product_tag?post=266"}],"curies":[{"name":"wp","href":"https:\/\/api.w.org\/{rel}","templated":true}]}}