{"id":169,"date":"2025-02-12T19:08:31","date_gmt":"2025-02-12T19:08:31","guid":{"rendered":"https:\/\/familydog.si\/index.php\/about-us-2\/"},"modified":"2025-02-19T13:08:49","modified_gmt":"2025-02-19T13:08:49","slug":"about-us-2","status":"publish","type":"page","link":"https:\/\/familydog.si\/index.php\/about-us-2\/","title":{"rendered":"O NAS"},"content":{"rendered":"\t\t<div data-elementor-type=\"wp-page\" data-elementor-id=\"169\" class=\"elementor elementor-169\">\n\t\t\t\t<div class=\"elementor-element elementor-element-64640d38 e-con-full e-flex e-con e-parent\" data-id=\"64640d38\" data-element_type=\"container\" data-e-type=\"container\">\n\t\t\t\t<div class=\"elementor-element elementor-element-26799ba2 elementor-widget elementor-widget-text-editor\" data-id=\"26799ba2\" data-element_type=\"widget\" data-e-type=\"widget\" data-widget_type=\"text-editor.default\">\n\t\t\t\t<div class=\"elementor-widget-container\">\n\t\t\t\t\t\t\t\t\t<p><span style=\"font-family: tahoma, arial, helvetica, sans-serif;\"><\/span><\/p>\n<p><span style=\"font-family: tahoma, arial, helvetica, sans-serif;\">Dobrodo\u0161li v <strong>Family dog Slovenija<\/strong> \u2014 va\u0161em zaupanja vrednem partnerju za zdravo prehrano va\u0161ih \u0161tirino\u017enih prijateljev!<\/span><\/p>\n<p><span style=\"font-family: tahoma, arial, helvetica, sans-serif;\"><\/span><\/p>\n<p><span style=\"font-family: tahoma, arial, helvetica, sans-serif;\">Lastnik in upravljalec spletne strani familydog.si je podjetje Gregori\u010d Group, Brigita Gregori\u010d s.p., Gmajna 24 Raka, ID SI27914313, M\u0160T: 9109440000, vpis v poslovni register pri AJPES, Izpostava Kr\u0161ko, pod \u0161tevilko 316-04-01239.<\/span><\/p>\n<p><span style=\"font-family: tahoma, arial, helvetica, sans-serif;\">Family dog je blagovna znamka hrane za pse. Na\u0161a zgodba se je za\u010dela iz ljubezni do psov in iz prepri\u010danja, da si vsak ku\u017eek zaslu\u017ei le najbolj\u0161e. Zato smo se odlo\u010dili sodelovati s priznanim proizvajalcem <strong>Breeders &amp; Breeders <\/strong>iz Italije, ki s svojo dolgoletno tradicijo in strastjo do vzreje psov zagotavlja vrhunsko kakovost pasje hrane.<\/span><\/p>\n<p><span style=\"font-family: tahoma, arial, helvetica, sans-serif;\"><\/span><\/p>\n<p><span style=\"font-family: tahoma, arial, helvetica, sans-serif;\">Verjamemo, da hranjenje psa ni le vsakodnevna obveznost, ampak del skrbnega procesa njihove rasti in dobrega po\u010dutja. V na\u0161i spletni trgovini ponujamo natan\u010dno izbrane izdelke, ki temeljijo na strokovnem znanju in ljubezni do \u017eivali. Vsaka vre\u010da briketov, ki jo najdete pri nas, je rezultat obljube \u2014 da bodo va\u0161i psi dobro jedli in \u0161e bolje \u017eiveli.\u00a0<\/span><\/p>\n<p><span style=\"font-family: tahoma, arial, helvetica, sans-serif;\">Potrudili se bomo, da bomo na\u0161o ponudbo hrane za pse nadgradili in raz\u0161irili \u0161e za druge hi\u0161ne ljubljen\u010dke.<\/span><\/p>\n<p><span style=\"font-family: tahoma, arial, helvetica, sans-serif;\"><\/span><\/p>\n<p><span style=\"font-family: tahoma, arial, helvetica, sans-serif;\"><strong>Na\u0161e poslanstvo je preprosto<\/strong>: zgraditi zaupanje z na\u0161imi kupci in njihovimi ljubljen\u010dki ter skupaj ustvariti lep\u0161o prihodnost. Zato vam poleg kakovostne hrane nudimo tudi osebno podporo in nasvete, saj vemo, da je vsak pes edinstven.<\/span><\/p>\n<p><span style=\"font-family: tahoma, arial, helvetica, sans-serif;\"><\/span><\/p>\n<p><span style=\"font-family: tahoma, arial, helvetica, sans-serif;\">Hvala, ker ste del na\u0161e pasje dru\u017eine. Skupaj lahko poskrbimo, da bodo repki vedno mahali od veselja!\u00a0<img decoding=\"async\" class=\"emoji\" role=\"img\" draggable=\"false\" src=\"https:\/\/s.w.org\/images\/core\/emoji\/15.0.3\/svg\/1f43e.svg\" alt=\"\ud83d\udc3e\" \/><\/span><\/p>\n<p><span style=\"font-family: tahoma, arial, helvetica, sans-serif;\"><\/span><\/p>\n<p><span style=\"font-family: tahoma, arial, helvetica, sans-serif;\">Ekipa Family dog Slovenija<\/span><\/p>\n<p><span style=\"font-family: tahoma, arial, helvetica, sans-serif;\"><\/span><\/p>\t\t\t\t\t\t\t\t<\/div>\n\t\t\t\t<\/div>\n\t\t\t\t<\/div>\n\t\t<div class=\"elementor-element elementor-element-2740c6d e-con-full e-flex e-con e-parent\" data-id=\"2740c6d\" data-element_type=\"container\" data-e-type=\"container\">\n\t\t\t\t<div class=\"elementor-element elementor-element-8d91b61 elementor-widget__width-initial elementor-widget elementor-widget-text-editor\" data-id=\"8d91b61\" data-element_type=\"widget\" data-e-type=\"widget\" data-widget_type=\"text-editor.default\">\n\t\t\t\t<div class=\"elementor-widget-container\">\n\t\t\t\t\t\t\t\t\t<p><span style=\"font-family: tahoma, arial, helvetica, sans-serif;\"><strong>\u00a0PODATKI PODJETJA:<\/strong><\/span><\/p>\n<p><span style=\"font-family: tahoma, arial, helvetica, sans-serif;\"><!-- \/wp:paragraph --><!-- wp:paragraph --><\/span><\/p>\n<p><img decoding=\"async\" class=\"emoji\" role=\"img\" draggable=\"false\" src=\"https:\/\/s.w.org\/images\/core\/emoji\/15.0.3\/svg\/1f3e0.svg\" alt=\"\ud83c\udfe0\" \/> <span style=\"font-family: tahoma, arial, helvetica, sans-serif;\"><strong>Naziv<\/strong><\/span><span style=\"font-family: tahoma, arial, helvetica, sans-serif;\"><strong>:<\/strong> Gregori\u010d Group, Brigita Gregori\u010d s.p.<\/span><\/p>\n<p><img decoding=\"async\" class=\"emoji\" style=\"font-family: tahoma, arial, helvetica, sans-serif; background-color: #ffffff; font-size: 1rem;\" role=\"img\" draggable=\"false\" src=\"https:\/\/s.w.org\/images\/core\/emoji\/15.0.3\/svg\/1f4cd.svg\" alt=\"\ud83d\udccd\" \/> <strong style=\"font-family: tahoma, arial, helvetica, sans-serif; font-size: 1rem;\">Naslov:<\/strong><span style=\"font-family: tahoma, arial, helvetica, sans-serif; font-size: 1rem;\"> Gmajna 24, 8274 Raka<\/span><\/p>\n<p><span style=\"font-family: tahoma, arial, helvetica, sans-serif;\"><img decoding=\"async\" class=\"emoji\" role=\"img\" draggable=\"false\" src=\"https:\/\/s.w.org\/images\/core\/emoji\/15.0.3\/svg\/1f4de.svg\" alt=\"\ud83d\udcde\" \/> <strong>Telefon:<\/strong> (00386) 51 340 886<\/span><br \/><span style=\"font-family: tahoma, arial, helvetica, sans-serif;\"><img decoding=\"async\" class=\"emoji\" role=\"img\" draggable=\"false\" src=\"https:\/\/s.w.org\/images\/core\/emoji\/15.0.3\/svg\/1f4e7.svg\" alt=\"\ud83d\udce7\" \/> <strong>E-mail:<\/strong> gregoric.group@gmail.com<\/span><br \/><span style=\"font-family: tahoma, arial, helvetica, sans-serif;\"><img decoding=\"async\" class=\"emoji\" role=\"img\" draggable=\"false\" src=\"https:\/\/s.w.org\/images\/core\/emoji\/15.0.3\/svg\/1f310.svg\" alt=\"\ud83c\udf10\" \/> <strong>Spletna stran:<\/strong> <a>www.familydog.si<\/a><\/span><\/p>\n<p><span style=\"font-family: tahoma, arial, helvetica, sans-serif;\"><!-- \/wp:paragraph --><!-- wp:paragraph --><\/span><\/p>\n<p><span style=\"font-family: tahoma, arial, helvetica, sans-serif;\"><strong>Uradne ure:<\/strong><\/span><\/p>\n<p><span style=\"font-family: tahoma, arial, helvetica, sans-serif;\"><!-- \/wp:paragraph --><!-- wp:list --><\/span><\/p>\n<ul class=\"wp-block-list\">\n<li style=\"list-style-type: none;\">\n<ul class=\"wp-block-list\"><!-- wp:list-item --><\/ul>\n<\/li>\n<\/ul>\n<ul class=\"wp-block-list\">\n<li style=\"list-style-type: none;\">\n<ul class=\"wp-block-list\">\n<li><span style=\"font-family: tahoma, arial, helvetica, sans-serif;\">ponedeljek &#8211; petek: 8:00 &#8211; 17:00<\/span><\/li>\n<\/ul>\n<\/li>\n<\/ul>\n<p><!-- \/wp:list-item --><!-- wp:list-item --><\/p>\n<ul class=\"wp-block-list\">\n<li style=\"list-style-type: none;\">\n<ul class=\"wp-block-list\">\n<li><span style=\"font-family: tahoma, arial, helvetica, sans-serif;\">sobota, nedelja in prazniki: zaprto<\/span><\/li>\n<\/ul>\n<\/li>\n<\/ul>\n<p><span style=\"font-family: tahoma, arial, helvetica, sans-serif;\"><strong>\u00a0NARO\u010cILA IN SPLETNA PODPORA:<\/strong><\/span><\/p>\n<p><span style=\"font-family: tahoma, arial, helvetica, sans-serif;\"><img decoding=\"async\" class=\"emoji\" role=\"img\" draggable=\"false\" src=\"https:\/\/s.w.org\/images\/core\/emoji\/15.0.3\/svg\/1f4de.svg\" alt=\"\ud83d\udcde\" \/> <strong>Telefon:<\/strong> (00386) 51 340 886<\/span><br \/><span style=\"font-family: tahoma, arial, helvetica, sans-serif;\"><img decoding=\"async\" class=\"emoji\" role=\"img\" draggable=\"false\" src=\"https:\/\/s.w.org\/images\/core\/emoji\/15.0.3\/svg\/1f4e7.svg\" alt=\"\ud83d\udce7\" \/> <strong>E-mail:<\/strong> info@familydog.si<\/span><br \/><span style=\"font-family: tahoma, arial, helvetica, sans-serif;\"><img decoding=\"async\" class=\"emoji\" role=\"img\" draggable=\"false\" src=\"https:\/\/s.w.org\/images\/core\/emoji\/15.0.3\/svg\/1f310.svg\" alt=\"\ud83c\udf10\" \/> <strong>Spletna stran:<\/strong> <a>www.familydog.si<\/a><\/span><\/p>\t\t\t\t\t\t\t\t<\/div>\n\t\t\t\t<\/div>\n\t\t\t\t<\/div>\n\t\t\t\t<\/div>\n\t\t","protected":false},"excerpt":{"rendered":"<p>Dobrodo\u0161li v Family dog Slovenija \u2014 va\u0161em zaupanja vrednem partnerju za zdravo prehrano va\u0161ih \u0161tirino\u017enih prijateljev! Lastnik in upravljalec spletne strani familydog.si je podjetje Gregori\u010d Group, Brigita Gregori\u010d s.p., Gmajna 24 Raka, ID SI27914313, M\u0160T: 9109440000, vpis v poslovni register pri AJPES, Izpostava Kr\u0161ko, pod \u0161tevilko 316-04-01239. Family dog je blagovna znamka hrane za pse. [&hellip;]<\/p>\n","protected":false},"author":1,"featured_media":0,"parent":0,"menu_order":0,"comment_status":"closed","ping_status":"closed","template":"","meta":{"footnotes":""},"class_list":["post-169","page","type-page","status-publish","hentry"],"_links":{"self":[{"href":"https:\/\/familydog.si\/index.php\/wp-json\/wp\/v2\/pages\/169","targetHints":{"allow":["GET"]}}],"collection":[{"href":"https:\/\/familydog.si\/index.php\/wp-json\/wp\/v2\/pages"}],"about":[{"href":"https:\/\/familydog.si\/index.php\/wp-json\/wp\/v2\/types\/page"}],"author":[{"embeddable":true,"href":"https:\/\/familydog.si\/index.php\/wp-json\/wp\/v2\/users\/1"}],"replies":[{"embeddable":true,"href":"https:\/\/familydog.si\/index.php\/wp-json\/wp\/v2\/comments?post=169"}],"version-history":[{"count":25,"href":"https:\/\/familydog.si\/index.php\/wp-json\/wp\/v2\/pages\/169\/revisions"}],"predecessor-version":[{"id":494,"href":"https:\/\/familydog.si\/index.php\/wp-json\/wp\/v2\/pages\/169\/revisions\/494"}],"wp:attachment":[{"href":"https:\/\/familydog.si\/index.php\/wp-json\/wp\/v2\/media?parent=169"}],"curies":[{"name":"wp","href":"https:\/\/api.w.org\/{rel}","templated":true}]}}